{"id":2,"date":"2025-04-10T23:24:43","date_gmt":"2025-04-10T21:24:43","guid":{"rendered":"http:\/\/fcc.ei-bs.eu\/?page_id=2"},"modified":"2026-02-17T14:32:15","modified_gmt":"2026-02-17T13:32:15","slug":"page-d-exemple","status":"publish","type":"page","link":"http:\/\/fcc.ei-bs.eu\/?page_id=2","title":{"rendered":"Qui sont les complotistes ?"},"content":{"rendered":"\n<figure class=\"wp-block-image size-full\"><img loading=\"lazy\" decoding=\"async\" width=\"1600\" height=\"914\" src=\"http:\/\/fcc.ei-bs.eu\/wp-content\/uploads\/2026\/02\/illuminati-cropped.jpg\" alt=\"\" class=\"wp-image-37\"\/><\/figure>\n\n\n\n<blockquote class=\"wp-block-quote is-layout-flow wp-block-quote-is-layout-flow\">\n<p><em>Les adeptes du&nbsp;complotisme&nbsp;cherchent juste \u00e0 semer le trouble dans le monde. Et pour \u00e7a ils s\u2019attaquent aux d\u00e9mocraties en partageant toutes sortes de th\u00e9ories du complot diverses et vari\u00e9es. \u00ab&nbsp;Ils n\u2019ont pas besoin d\u2019adh\u00e9rer au message pour les partager&nbsp;\u00bb, fait remarquer le chercheur. L\u2019important c\u2019est de laisser planer le doute et de d\u00e9clencher le chaos.<\/em><\/p>\n<\/blockquote>\n\n\n\n<p>Non, les&nbsp;<a href=\"https:\/\/www.doctissimo.fr\/psychologie\/bien-avec-les-autres\/relations-sociales\/proches-complotistes\">complotistes<\/a>&nbsp;ne sont pas n\u00e9cessairement des personnes ayant des troubles psy. En r\u00e9alit\u00e9, ils s\u2019accrocheraient aux th\u00e9ories conspirationnistes pour combler des besoins et rationaliser leurs&nbsp;<\/p>\n\n\n\n<p>angoisses. C\u2019est ce que r\u00e9v\u00e8le l\u2019analyse de 170 \u00e9tudes men\u00e9es sur plus de 158 000 personnes. Cette revue d\u2019\u00e9tude rapporte que les complotistes ont besoin de comprendre l\u2019environnement dans lequel ils \u00e9voluent et de s\u2019y sentir en s\u00e9curit\u00e9. A cela, s\u2019ajouterait un sentiment de sup\u00e9riorit\u00e9 par rapport aux autres. Mais ce n\u2019est pas tout, les th\u00e9oriciens du complot seraient \u00e9galement parano\u00efaques, ins\u00e9cures, \u00e9gocentriques et impulsifs.<\/p>\n\n\n\n<figure class=\"wp-block-embed is-type-video is-provider-youtube wp-block-embed-youtube wp-embed-aspect-16-9 wp-has-aspect-ratio\"><div class=\"wp-block-embed__wrapper\">\n<iframe loading=\"lazy\" title=\"PATRICE LE COMPLOTISTE, 73 ANS : IL CROIT \u00c0 TOUTES LES TH\u00c9ORIES DU COMPLOT ET NOUS EXPLIQUE POURQUOI\" width=\"500\" height=\"281\" src=\"https:\/\/www.youtube.com\/embed\/Pe_KJJ6IwBA?feature=oembed\" frameborder=\"0\" allow=\"accelerometer; autoplay; clipboard-write; encrypted-media; gyroscope; picture-in-picture; web-share\" referrerpolicy=\"strict-origin-when-cross-origin\" allowfullscreen><\/iframe>\n<\/div><\/figure>\n","protected":false},"excerpt":{"rendered":"<p>Les adeptes du&nbsp;complotisme&nbsp;cherchent juste \u00e0 semer le trouble dans le monde. Et pour \u00e7a ils s\u2019attaquent aux d\u00e9mocraties en partageant toutes sortes de th\u00e9ories du complot diverses et vari\u00e9es. \u00ab&nbsp;Ils<\/p>\n<p><a href=\"http:\/\/fcc.ei-bs.eu\/?page_id=2\" class=\"more-link\">Continue reading<span class=\"screen-reader-text\">Qui sont les complotistes ?<\/span><\/a><\/p>\n","protected":false},"author":1,"featured_media":0,"parent":0,"menu_order":0,"comment_status":"closed","ping_status":"open","template":"","meta":{"footnotes":""},"class_list":["post-2","page","type-page","status-publish","hentry"],"_links":{"self":[{"href":"http:\/\/fcc.ei-bs.eu\/index.php?rest_route=\/wp\/v2\/pages\/2","targetHints":{"allow":["GET"]}}],"collection":[{"href":"http:\/\/fcc.ei-bs.eu\/index.php?rest_route=\/wp\/v2\/pages"}],"about":[{"href":"http:\/\/fcc.ei-bs.eu\/index.php?rest_route=\/wp\/v2\/types\/page"}],"author":[{"embeddable":true,"href":"http:\/\/fcc.ei-bs.eu\/index.php?rest_route=\/wp\/v2\/users\/1"}],"replies":[{"embeddable":true,"href":"http:\/\/fcc.ei-bs.eu\/index.php?rest_route=%2Fwp%2Fv2%2Fcomments&post=2"}],"version-history":[{"count":7,"href":"http:\/\/fcc.ei-bs.eu\/index.php?rest_route=\/wp\/v2\/pages\/2\/revisions"}],"predecessor-version":[{"id":86,"href":"http:\/\/fcc.ei-bs.eu\/index.php?rest_route=\/wp\/v2\/pages\/2\/revisions\/86"}],"wp:attachment":[{"href":"http:\/\/fcc.ei-bs.eu\/index.php?rest_route=%2Fwp%2Fv2%2Fmedia&parent=2"}],"curies":[{"name":"wp","href":"https:\/\/api.w.org\/{rel}","templated":true}]}}